{"id":3,"date":"2025-11-30T21:09:59","date_gmt":"2025-11-30T21:09:59","guid":{"rendered":"https:\/\/notamspot.com\/?page_id=3"},"modified":"2026-01-03T21:03:50","modified_gmt":"2026-01-03T21:03:50","slug":"privacy-policy","status":"publish","type":"page","link":"https:\/\/www.notamspot.com\/en_us\/privacy-policy\/","title":{"rendered":"Privacy Policy"},"content":{"rendered":"<div class=\"prose dark:prose-invert inline leading-relaxed break-words min-w-0 [word-break:break-word] prose-strong:font-medium [&amp;_&gt;*:first-child]:mt-0\">\n<h1 id=\"politica-de-privacidade\" class=\"font-display first:mt-xs mb-2 mt-4 font-semimedium text-lg leading-[1.5em] lg:text-xl\">PRIVACY POLICY<\/h1>\n<p><!-- Logo AP\u00d3S t\u00edtulo \"PRIVACY POLICY\" --><\/p>\n<p><!-- Logo AP\u00d3S t\u00edtulo \"POL\u00cdTICA DE PRIVACIDADE\" --><\/p>\n<div style=\"background: linear-gradient(135deg, #DBEAFE 0%, #BFDBFE 100%); border-left: 4px solid #3B82F6; padding: 16px 20px; margin: 24px 0 32px 0; border-radius: 6px; box-shadow: 0 2px 4px rgba(0,0,0,0.08);\">\n<p style=\"margin: 0; font-size: 15px; font-weight: 600; color: #1e40af; text-align: center; line-height: 1.6;\">\u2139\ufe0f <strong>Privacy Policy for Independent Extension:<\/strong> This policy governs NOTAMSpot, an independent browser extension. NOTAMSpot is not affiliated with, certified by, or endorsed by FAA, ICAO, DECEA, or any aviation authority. All processing occurs client-side only.<\/p>\n<\/div>\n<h2 id=\"smartcontentguard\" class=\"mb-2 mt-4 font-display font-semimedium text-base first:mt-0 md:text-lg [hr+&amp;]:mt-4\">NOTAM SPOT<\/h2>\n<p class=\"my-2 [&amp;+p]:mt-4 [&amp;_strong:has(+br)]:inline-block [&amp;_strong:has(+br)]:pb-2\"><strong>Version:<\/strong> 2.0<br \/>\n<strong>Last updated:<\/strong> December 20, 2025<br \/>\n<strong>Effective date:<\/strong> As of the date of publication.<\/p>\n<hr class=\"bg-subtle h-px border-0\" \/>\n<h2 id=\"1-introducao\" class=\"mb-2 mt-4 font-display font-semimedium text-base first:mt-0 md:text-lg [hr+&amp;]:mt-4\">1. INTRODUCTION<\/h2>\n<h3 class=\"mb-2 mt-4 font-display font-semimedium text-base first:mt-0\">1.1. Ownership and Identification<\/h3>\n<p class=\"my-2 [&amp;+p]:mt-4 [&amp;_strong:has(+br)]:inline-block [&amp;_strong:has(+br)]:pb-2 translation-block\">NOTAMSpot (\u201cSoftware\u201d, \u201cwe\u201d or \u201cour\u201d) is software owned by <strong>SmartContentGuard LLC<\/strong>, a company incorporated under the laws of the State of Wyoming, United States of America (\u201cOwner\u201d or \u201cController\u201d).<\/p>\n<h3 class=\"mb-2 mt-4 font-display font-semimedium text-base first:mt-0\">1.2. Commitment to Privacy<\/h3>\n<p class=\"my-2 [&amp;+p]:mt-4 [&amp;_strong:has(+br)]:inline-block [&amp;_strong:has(+br)]:pb-2\">We respect the privacy of our users and are committed to protecting any personal data that may be collected or processed during the use of our browser extension.<\/p>\n<p class=\"my-2 [&amp;+p]:mt-4 [&amp;_strong:has(+br)]:inline-block [&amp;_strong:has(+br)]:pb-2\">This Privacy Policy explains what data we collect, how we use it, with whom we share it, and what your rights are with respect to this information, in accordance with:<\/p>\n<ul class=\"marker:text-quiet list-disc pl-6\">\n<li class=\"py-0 my-0\">General Data Protection Law (Law No. 13.709\/2018 \u2013 LGPD)<\/li>\n<li class=\"py-0 my-0\">California Consumer Privacy Act (CCPA) and California Privacy Rights Act (CPRA)<\/li>\n<li class=\"py-0 my-0\">Other applicable privacy regulations.<\/li>\n<\/ul>\n<p class=\"my-2 [&amp;+p]:mt-4 [&amp;_strong:has(+br)]:inline-block [&amp;_strong:has(+br)]:pb-2\"><strong>By installing and using NOTAMSpot, you agree to the terms of this Privacy Policy and the Terms of Use (EULA).<\/strong><\/p>\n<hr class=\"bg-subtle h-px border-0\" \/>\n<h2 id=\"2-dados-que-coletamos\" class=\"mb-2 mt-4 font-display font-semimedium text-base first:mt-0 md:text-lg [hr+&amp;]:mt-4\">2. DATA WE COLLECT<\/h2>\n<p class=\"my-2 [&amp;+p]:mt-4 [&amp;_strong:has(+br)]:inline-block [&amp;_strong:has(+br)]:pb-2\">NOTAMSpot was developed with a focus on user privacy. The extension operates locally in your browser, processing aeronautical information (NOTAMs, AIS\/AIM data) directly in the user's environment.<\/p>\n<h3 class=\"mb-2 mt-4 font-display font-semimedium text-base first:mt-0\">2.1. Locally Processed Data<\/h3>\n<ul class=\"marker:text-quiet list-disc pl-6\">\n<li class=\"py-0 my-0\">Content of visited web pages containing aeronautical information (NOTAMs, weather bulletins, aeronautical charts);<\/li>\n<li class=\"py-0 my-0\">Extension preference settings (language, themes, custom filters).<\/li>\n<\/ul>\n<p class=\"my-2 [&amp;+p]:mt-4 [&amp;_strong:has(+br)]:inline-block [&amp;_strong:has(+br)]:pb-2 translation-block\"><strong> Important: <\/strong> This data is processed locally in your browser and is NOT transmitted to external servers, except where expressly stated in this Policy.<\/p>\n<h3 class=\"mb-2 mt-4 font-display font-semimedium text-base first:mt-0\">2.2. Usage and Diagnostics Data (Optional)<\/h3>\n<p class=\"my-2 [&amp;+p]:mt-4 [&amp;_strong:has(+br)]:inline-block [&amp;_strong:has(+br)]:pb-2\">If you opt-in to share anonymous usage data for software improvement, we may collect:<\/p>\n<ul class=\"marker:text-quiet list-disc pl-6\">\n<li class=\"py-0 my-0\">Technical browser information (type, version);<\/li>\n<li class=\"py-0 my-0\">Feature usage statistics (anonymous and aggregated);<\/li>\n<li class=\"py-0 my-0\">Error and crash reports (crash logs).<\/li>\n<\/ul>\n<p class=\"my-2 [&amp;+p]:mt-4 [&amp;_strong:has(+br)]:inline-block [&amp;_strong:has(+br)]:pb-2 translation-block\"><strong>Legal Basis:<\/strong> When the sending of diagnostic data is enabled, SmartContentGuard LLC will act as the controller of this data, using it based on <strong>legitimate interest<\/strong> to improve the performance, stability, and security of the Software, without prejudice to the User's right to disable such sending at any time in the extension settings.<\/p>\n<p><!-- ANTES da se\u00e7\u00e3o \"2.3 Fontes de Dados de Portais de Avia\u00e7\u00e3o\" --><\/p>\n<div style=\"background: linear-gradient(135deg, #FEF3C7 0%, #FDE68A 100%); border-left: 4px solid #F59E0B; padding: 12px 16px; margin: 16px 0 24px 0; border-radius: 6px;\">\n<p style=\"margin: 0; font-size: 14px; font-weight: 600; color: #92400e; line-height: 1.5;\">\u26a0\ufe0f NOTAMSpot accesses public aviation portals (FAA, NOAA, DECEA) as a browser overlay. No affiliation or data sharing with these entities occurs.<\/p>\n<\/div>\n<h3 class=\"mb-2 mt-4 font-display font-semimedium text-base first:mt-0\">2.3. Data We Do NOT Collect<\/h3>\n<ul class=\"marker:text-quiet list-disc pl-6\">\n<li class=\"py-0 my-0\">Personal identification (name, SSN\/Tax ID, address, phone number);<\/li>\n<li class=\"py-0 my-0\">Complete browsing history;<\/li>\n<li class=\"py-0 my-0\">Passwords or access credentials;<\/li>\n<li class=\"py-0 my-0\">Content of private communications;<\/li>\n<li class=\"py-0 my-0\">Precise geolocation data.<\/li>\n<li class=\"py-0 my-0\">Sensitive data (racial\/ethnic origin, religious beliefs, health data, biometrics)<\/li>\n<\/ul>\n<hr class=\"bg-subtle h-px border-0\" \/>\n<h2 id=\"3-como-utilizamos-os-dados\" class=\"mb-2 mt-4 font-display font-semimedium text-base first:mt-0 md:text-lg [hr+&amp;]:mt-4\">3. HOW WE USE DATA<\/h2>\n<p class=\"my-2 [&amp;+p]:mt-4 [&amp;_strong:has(+br)]:inline-block [&amp;_strong:has(+br)]:pb-2\">Any data collected or processed is used exclusively to:<\/p>\n<ul class=\"marker:text-quiet list-disc pl-6\">\n<li class=\"py-0 my-0\">Provide the extension's core functionalities (visual analysis of NOTAMs, highlighting of critical information);<\/li>\n<li class=\"py-0 my-0\">Improve user experience and fix bugs;<\/li>\n<li class=\"py-0 my-0\">Develop new features and enhance existing ones;<\/li>\n<li class=\"py-0 my-0\">Ensure software security and stability.<\/li>\n<\/ul>\n<hr class=\"bg-subtle h-px border-0\" \/>\n<h2 id=\"4-compartilhamento-de-dados\" class=\"mb-2 mt-4 font-display font-semimedium text-base first:mt-0 md:text-lg [hr+&amp;]:mt-4\">4. DATA SHARING<\/h2>\n<p class=\"my-2 [&amp;+p]:mt-4 [&amp;_strong:has(+br)]:inline-block [&amp;_strong:has(+br)]:pb-2 translation-block\">NOTAMSpot does not sell, rent, or trade users' personal data.<\/p>\n<p class=\"my-2 [&amp;+p]:mt-4 [&amp;_strong:has(+br)]:inline-block [&amp;_strong:has(+br)]:pb-2 translation-block\">Non\u2011sale statement (CCPA\/CPRA): We do not sell Users\u2019 personal information as defined under California law.<\/p>\n<p class=\"my-2 [&amp;+p]:mt-4 [&amp;_strong:has(+br)]:inline-block [&amp;_strong:has(+br)]:pb-2\">Data may be shared only in the following situations:<\/p>\n<ul class=\"marker:text-quiet list-disc pl-6\">\n<li class=\"py-0 my-0\">With technical service providers (hosting, error analysis), under contracts that ensure adequate data protection;<\/li>\n<li class=\"py-0 my-0\">When required by court order or competent authority;<\/li>\n<li class=\"py-0 my-0\">To protect the rights, property, or safety of NOTAMSpot, its users, or third parties.<\/li>\n<\/ul>\n<hr class=\"bg-subtle h-px border-0\" \/>\n<h2 id=\"5-armazenamento-e-seguranca\" class=\"mb-2 mt-4 font-display font-semimedium text-base first:mt-0 md:text-lg [hr+&amp;]:mt-4\">5. STORAGE AND SECURITY<\/h2>\n<h3 class=\"mb-2 mt-4 font-display font-semimedium text-base first:mt-0\">5.1. Local Storage<\/h3>\n<p class=\"my-2 [&amp;+p]:mt-4 [&amp;_strong:has(+br)]:inline-block [&amp;_strong:has(+br)]:pb-2\">The majority of data processed by the extension is stored locally in your browser, using native APIs (localStorage, IndexedDB), and remains under your control.<\/p>\n<h3 class=\"mb-2 mt-4 font-display font-semimedium text-base first:mt-0\">5.2. Security Measures<\/h3>\n<p class=\"my-2 [&amp;+p]:mt-4 [&amp;_strong:has(+br)]:inline-block [&amp;_strong:has(+br)]:pb-2\">We implement appropriate technical and organizational measures to protect data against unauthorized access, alteration, disclosure, or destruction, including:<\/p>\n<ul class=\"marker:text-quiet list-disc pl-6\">\n<li class=\"py-0 my-0\">Encryption of sensitive data;<\/li>\n<li class=\"py-0 my-0\">Restricted access control;<\/li>\n<li class=\"py-0 my-0\">Security monitoring.<\/li>\n<\/ul>\n<hr class=\"bg-subtle h-px border-0\" \/>\n<h2 id=\"6-retencao-de-dados\" class=\"mb-2 mt-4 font-display font-semimedium text-base first:mt-0 md:text-lg [hr+&amp;]:mt-4\">DATA RETENTION<\/h2>\n<p class=\"my-2 [&amp;+p]:mt-4 [&amp;_strong:has(+br)]:inline-block [&amp;_strong:has(+br)]:pb-2\">Locally processed data remains in your browser until you uninstall the extension or clear your browser data.<\/p>\n<p class=\"my-2 [&amp;+p]:mt-4 [&amp;_strong:has(+br)]:inline-block [&amp;_strong:has(+br)]:pb-2\">Anonymously collected diagnostic data may be retained for up to 12 (twelve) months for software improvement purposes.<\/p>\n<p class=\"my-2 [&amp;+p]:mt-4 [&amp;_strong:has(+br)]:inline-block [&amp;_strong:has(+br)]:pb-2 translation-block\">The User can request immediate deletion through: <a class=\"text-super hover:underline\" href=\"mailto:privacy@notamspot.com\" target=\"_self\">privacy@notamspot.com<\/a><\/p>\n<hr class=\"bg-subtle h-px border-0\" \/>\n<h2 id=\"7-seus-direitos\" class=\"mb-2 mt-4 font-display font-semimedium text-base first:mt-0 md:text-lg [hr+&amp;]:mt-4\">7. YOUR RIGHTS<\/h2>\n<h3 class=\"mb-2 mt-4 font-display font-semimedium text-base first:mt-0\">7.1. Rights under CCPA\/CPRA (California, USA)<\/h3>\n<p class=\"my-2 [&amp;+p]:mt-4 [&amp;_strong:has(+br)]:inline-block [&amp;_strong:has(+br)]:pb-2\">California residents have the right to:<\/p>\n<ul class=\"marker:text-quiet list-disc pl-6\">\n<li class=\"py-0 my-0 translation-block\"><strong> Know <\/strong> what categories and specific pieces of personal information we collect.<\/li>\n<li class=\"py-0 my-0 translation-block\"><strong>Delete: <\/strong>request deletion of personal information collected.<\/li>\n<li class=\"py-0 my-0 translation-block\"><strong>Opt out: <\/strong>refuse the sale or sharing of personal information.<\/li>\n<li class=\"py-0 my-0 translation-block\"><strong>Correct <\/strong>inaccurate personal information.<\/li>\n<li class=\"py-0 my-0 translation-block\"><strong>Non\u2011discrimination <\/strong>for exercising privacy rights.<\/li>\n<\/ul>\n<h3 class=\"mb-2 mt-4 font-display font-semimedium text-base first:mt-0\">7.2. Other State Laws (USA)<\/h3>\n<p class=\"my-2 [&amp;+p]:mt-4 [&amp;_strong:has(+br)]:inline-block [&amp;_strong:has(+br)]:pb-2\">We also recognize and respect privacy rights under other U.S. state laws, including:<\/p>\n<ul class=\"marker:text-quiet list-disc pl-6\">\n<li class=\"py-0 my-0\">Virginia Consumer Data Protection Act (VCDPA)<\/li>\n<li class=\"py-0 my-0\">Colorado Privacy Act (CPA)<\/li>\n<li class=\"py-0 my-0\">Connecticut Data Privacy Act (CTDPA)<\/li>\n<li class=\"py-0 my-0\">Oregon Consumer Privacy Act (OCPA)<\/li>\n<\/ul>\n<h3 class=\"mb-2 mt-4 font-display font-semimedium text-base first:mt-0\">7.3. How to Exercise Your Rights<\/h3>\n<p class=\"my-2 [&amp;+p]:mt-4 [&amp;_strong:has(+br)]:inline-block [&amp;_strong:has(+br)]:pb-2\"><strong>To exercise any privacy right, please contact us at:<\/strong><\/p>\n<p class=\"my-2 [&amp;+p]:mt-4 [&amp;_strong:has(+br)]:inline-block [&amp;_strong:has(+br)]:pb-2\"><strong>Email (Privacy and Data):<\/strong> <span style=\"color: #0000ff;\"><a class=\"text-super hover:underline\" style=\"color: #0000ff;\" href=\"mailto:privacy@notamspot.com\">privacy@notamspot.com<\/a><\/span><br \/>\n<strong>Response time:<\/strong> Up to 15 (fifteen) business days<\/p>\n<hr class=\"bg-subtle h-px border-0\" \/>\n<h2 id=\"8-cookies-e-tecnologias\" class=\"mb-2 mt-4 font-display font-semimedium text-base first:mt-0 md:text-lg [hr+&amp;]:mt-4\">8. COOKIES AND SIMILAR TECHNOLOGIES<\/h2>\n<p class=\"my-2 [&amp;+p]:mt-4 [&amp;_strong:has(+br)]:inline-block [&amp;_strong:has(+br)]:pb-2\">NOTAMSpot does not use its own cookies. The extension may interact with cookies from visited websites only to provide its functionalities (aeronautical content analysis), but it does not collect, modify, or transmit these cookies.<\/p>\n<p class=\"my-2 [&amp;+p]:mt-4 [&amp;_strong:has(+br)]:inline-block [&amp;_strong:has(+br)]:pb-2 translation-block\">Note: This Policy refers exclusively to the browser extension. If our website uses analytics or cookies, this will be addressed in a separate policy.<\/p>\n<hr class=\"bg-subtle h-px border-0\" \/>\n<h2 id=\"9-transferencia-internacional\" class=\"mb-2 mt-4 font-display font-semimedium text-base first:mt-0 md:text-lg [hr+&amp;]:mt-4\">9. INTERNATIONAL DATA TRANSFER<\/h2>\n<p class=\"my-2 [&amp;+p]:mt-4 [&amp;_strong:has(+br)]:inline-block [&amp;_strong:has(+br)]:pb-2\">NOTAMSpot processes data locally in your browser. When and if diagnostic data is collected, it may be processed by service providers located in:<\/p>\n<ul class=\"marker:text-quiet list-disc pl-6\">\n<li class=\"py-0 my-0\">United States (hosting servers).<\/li>\n<li class=\"py-0 my-0\">European Union (CDN and network infrastructure).<\/li>\n<\/ul>\n<p class=\"my-2 [&amp;+p]:mt-4 [&amp;_strong:has(+br)]:inline-block [&amp;_strong:has(+br)]:pb-2\">These transfers are carried out based on:<\/p>\n<ul class=\"marker:text-quiet list-disc pl-6\">\n<li class=\"py-0 my-0\">Standard contractual clauses approved by the European Commission<\/li>\n<li class=\"py-0 my-0\">Providers\u2019 adequacy certifications (SOC 2, ISO 27001).<\/li>\n<li class=\"py-0 my-0\">The User\u2019s informed consent when accepting this Policy.<\/li>\n<\/ul>\n<p class=\"my-2 [&amp;+p]:mt-4 [&amp;_strong:has(+br)]:inline-block [&amp;_strong:has(+br)]:pb-2\">The list of subprocessors is available at: <span style=\"color: #0000ff;\"><a class=\"text-super hover:underline\" style=\"color: #0000ff;\" href=\"\/en_us\/subprocessors\/\" target=\"_blank\" rel=\"nofollow noopener\">https:\/\/notamspot.com\/subprocessors\/<\/a><\/span><\/p>\n<hr class=\"bg-subtle h-px border-0\" \/>\n<h2 id=\"10-permissoes-navegador\" class=\"mb-2 mt-4 font-display font-semimedium text-base first:mt-0 md:text-lg [hr+&amp;]:mt-4\">10. BROWSER PERMISSIONS AND TECHNICAL SCOPE<\/h2>\n<p class=\"my-2 [&amp;+p]:mt-4 [&amp;_strong:has(+br)]:inline-block [&amp;_strong:has(+br)]:pb-2\">NOTAMSpot uses browser permissions only to the extent necessary to analyze aeronautical content (such as NOTAM, METAR, and TAF) on supported official domains (AISWEB, REDEMET, Aviation Weather, EUROCONTROL, and equivalent bodies) and to apply the extension's security and usability features.<\/p>\n<p class=\"my-2 [&amp;+p]:mt-4 [&amp;_strong:has(+br)]:inline-block [&amp;_strong:has(+br)]:pb-2\">These permissions are not used to collect broad browsing history or to send personal data to external servers. In summary:<\/p>\n<p class=\"my-2 [&amp;+p]:mt-4 [&amp;_strong:has(+br)]:inline-block [&amp;_strong:has(+br)]:pb-2\"><strong>In summary:<\/strong><\/p>\n<ul class=\"marker:text-quiet list-disc pl-6\">\n<li class=\"py-0 my-0\"><strong><code>activeTab<\/code>:<\/strong> It only acts on the tab where the user explicitly interacts with NOTAMSpot.<\/li>\n<li class=\"py-0 my-0\"><strong><code>tabs<\/code> and <code>scripting<\/code>:<\/strong> Identify the current tab domain and inject analysis scripts only on predefined official aeronautical websites.<\/li>\n<li class=\"py-0 my-0\"><strong><code>storage<\/code>:<\/strong> Stores extension preferences (language, analysis profile) locally, without transmission to servers.<\/li>\n<li class=\"py-0 my-0\"><strong><code>downloads<\/code>:<\/strong> Makes available legal documents and compliance materials embedded in the extension.<\/li>\n<\/ul>\n<p class=\"my-2 [&amp;+p]:mt-4 [&amp;_strong:has(+br)]:inline-block [&amp;_strong:has(+br)]:pb-2\">The use of these permissions is always restricted to previously mapped official aeronautical domains and has the sole purpose of increasing operational safety and the efficiency of aeronautical information reading by the user.<\/p>\n<hr class=\"bg-subtle h-px border-0\" \/>\n<h2 id=\"11-incidentes-seguranca\" class=\"mb-2 mt-4 font-display font-semimedium text-base first:mt-0 md:text-lg [hr+&amp;]:mt-4\">11. SECURITY INCIDENT NOTIFICATION<\/h2>\n<p class=\"my-2 [&amp;+p]:mt-4 [&amp;_strong:has(+br)]:inline-block [&amp;_strong:has(+br)]:pb-2\">In the event of a security incident that may pose a risk or material harm to the personal data of data subjects, the Data Controller will notify affected individuals as required by applicable law, providing:<\/p>\n<p class=\"my-2 [&amp;+p]:mt-4 [&amp;_strong:has(+br)]:inline-block [&amp;_strong:has(+br)]:pb-2\">\u2013 Nature of the data involved<br \/>\n\u2013 Potential risks<br \/>\n\u2013 Security measures in place<br \/>\n\u2013 Mitigation actions implemented<\/p>\n<p class=\"my-2 [&amp;+p]:mt-4 [&amp;_strong:has(+br)]:inline-block [&amp;_strong:has(+br)]:pb-2\">Security incident communication channel: <span style=\"color: #0000ff;\">security@notamspot.com<\/span><\/p>\n<hr class=\"bg-subtle h-px border-0\" \/>\n<h2 id=\"12-privacidade-menores\" class=\"mb-2 mt-4 font-display font-semimedium text-base first:mt-0 md:text-lg [hr+&amp;]:mt-4\">12. CHILDREN\u2019S PRIVACY<\/h2>\n<p class=\"my-2 [&amp;+p]:mt-4 [&amp;_strong:has(+br)]:inline-block [&amp;_strong:has(+br)]:pb-2\">NOTAMSpot is not directed at users under the age of 18. We do not intentionally collect data from minors. If we become aware of any inadvertent collection, we will take the necessary steps to delete it.<\/p>\n<hr class=\"bg-subtle h-px border-0\" \/>\n<h2 id=\"13-alteracoes-politica\" class=\"mb-2 mt-4 font-display font-semimedium text-base first:mt-0 md:text-lg [hr+&amp;]:mt-4\">13. CHANGES TO THIS POLICY<\/h2>\n<p class=\"my-2 [&amp;+p]:mt-4 [&amp;_strong:has(+br)]:inline-block [&amp;_strong:has(+br)]:pb-2\">We may update this Privacy Policy from time to time. Material changes will be communicated through a notice in the extension or on our website.<\/p>\n<p class=\"my-2 [&amp;+p]:mt-4 [&amp;_strong:has(+br)]:inline-block [&amp;_strong:has(+br)]:pb-2\">The current version will always be available at: <span style=\"color: #0000ff;\"><a class=\"text-super hover:underline\" style=\"color: #0000ff;\" href=\"\/en_us\/privacy-policy\/\" target=\"_blank\" rel=\"nofollow noopener\">https:\/\/notamspot.com\/privacy-policy\/<\/a><\/span><\/p>\n<p class=\"my-2 [&amp;+p]:mt-4 [&amp;_strong:has(+br)]:inline-block [&amp;_strong:has(+br)]:pb-2\">Continued use of the extension after changes implies acceptance of the new version of the Policy.<\/p>\n<hr class=\"bg-subtle h-px border-0\" \/>\n<h2 id=\"14-legislacao-foro\" class=\"mb-2 mt-4 font-display font-semimedium text-base first:mt-0 md:text-lg [hr+&amp;]:mt-4\">14. GOVERNING LAW AND DISPUTE RESOLUTION<\/h2>\n<h3 class=\"mb-2 mt-4 font-display font-semimedium text-base first:mt-0\">14.1. Governing Law<\/h3>\n<p class=\"my-2 [&amp;+p]:mt-4 [&amp;_strong:has(+br)]:inline-block [&amp;_strong:has(+br)]:pb-2\">This Privacy Policy shall be governed by and construed in accordance with the laws of the State of Wyoming, United States of America, without regard to its conflict of law provisions.<\/p>\n<h3 class=\"mb-2 mt-4 font-display font-semimedium text-base first:mt-0\">14.2. Jurisdiction and Dispute Resolution Mechanisms<\/h3>\n<p class=\"my-2 [&amp;+p]:mt-4 [&amp;_strong:has(+br)]:inline-block [&amp;_strong:has(+br)]:pb-2\">Any disputes, controversies, or claims arising out of or relating to this Privacy Policy shall be resolved in accordance with the dispute resolution mechanisms set forth in the Terms of Use and End User License Agreement (EULA) in effect, which are an integral part of this Policy and should be read in conjunction with it.<\/p>\n<hr class=\"bg-subtle h-px border-0\" \/>\n<h2 id=\"15-contato\" class=\"mb-2 mt-4 font-display font-semimedium text-base first:mt-0 md:text-lg [hr+&amp;]:mt-4\">15. CONTACT AND DATA PROTECTION OFFICER<\/h2>\n<p class=\"my-2 [&amp;+p]:mt-4 [&amp;_strong:has(+br)]:inline-block [&amp;_strong:has(+br)]:pb-2\">For questions, requests, or to exercise rights related to this Privacy Policy, please contact us:<\/p>\n<p class=\"my-2 [&amp;+p]:mt-4 [&amp;_strong:has(+br)]:inline-block [&amp;_strong:has(+br)]:pb-2\"><strong>Email (Privacy and Data):<\/strong> <span style=\"color: #0000ff;\"><a class=\"text-super hover:underline\" style=\"color: #0000ff;\" href=\"mailto:privacy@notamspot.com\">privacy@notamspot.com<\/a><\/span><br \/>\n<strong>Email (General Support):<\/strong> <span style=\"color: #0000ff;\"><a class=\"text-super hover:underline\" style=\"color: #0000ff;\" href=\"mailto:support@notamspot.com\">support@notamspot.com<\/a><\/span><br \/>\n<strong>Email (Security and Incidents):<\/strong> <span style=\"color: #0000ff;\"><a class=\"text-super hover:underline\" style=\"color: #0000ff;\" href=\"mailto:security@notamspot.com\">security@notamspot.com<\/a><\/span><br \/>\n<strong>Website:<\/strong> <span style=\"color: #0000ff;\"><a class=\"text-super hover:underline\" style=\"color: #0000ff;\" href=\"\/en_us\/\" target=\"_blank\" rel=\"nofollow noopener\">https:\/\/notamspot.com\/<\/a><\/span><\/p>\n<p class=\"my-2 [&amp;+p]:mt-4 [&amp;_strong:has(+br)]:inline-block [&amp;_strong:has(+br)]:pb-2\"><strong>Legal Address:<\/strong><br \/>\nSmartContentGuard LLC<br \/>\nCheyenne, WY 82001, USA<\/p>\n<hr class=\"bg-subtle h-px border-0\" \/>\n<p class=\"my-2 [&amp;+p]:mt-4 [&amp;_strong:has(+br)]:inline-block [&amp;_strong:has(+br)]:pb-2\"><strong>Version:<\/strong> 2.0<br \/>\n<strong>Effective Date:<\/strong> December 20, 2025<br \/>\n<strong>Document<\/strong> Privacy Policy<br \/>\n<strong>Compliance<\/strong> LGPD (Lei 13.709\/2018) | CCPA\/CPRA (California) | VCDPA | CPA | CTDPA | OCPA<\/p>\n<\/div>","protected":false},"excerpt":{"rendered":"<p>POL\u00cdTICA DE PRIVACIDADE \u2139\ufe0f Pol\u00edtica de Privacidade para Extens\u00e3o Independente: Esta pol\u00edtica rege o NOTAMSpot, uma extens\u00e3o de navegador independente. O NOTAMSpot n\u00e3o \u00e9 afiliado, certificado ou endossado pela FAA, ICAO, DECEA ou qualquer autoridade de avia\u00e7\u00e3o. Todo processamento ocorre exclusivamente no lado do cliente. NOTAM SPOT Vers\u00e3o: 2.0 \u00daltima atualiza\u00e7\u00e3o: 20 de Dezembro de [&hellip;]<\/p>","protected":false},"author":1,"featured_media":3696,"parent":0,"menu_order":0,"comment_status":"closed","ping_status":"closed","template":"","meta":{"_acf_changed":false,"_seopress_robots_primary_cat":"","_seopress_titles_title":"Pol\u00edtica de Privacidade e LGPD | NOTAMSpot","_seopress_titles_desc":"Sua privacidade em primeiro lugar. O NOTAMSpot opera 100% localmente no seu navegador. Sem coleta de dados, sem rastreamento. Confira nossa pol\u00edtica em conformidade com a LGPD.","_seopress_robots_index":"","footnotes":""},"class_list":["post-3","page","type-page","status-publish","has-post-thumbnail","hentry"],"acf":[],"_hostinger_reach_plugin_has_subscription_block":false,"_hostinger_reach_plugin_is_elementor":false,"_links":{"self":[{"href":"https:\/\/www.notamspot.com\/en_us\/wp-json\/wp\/v2\/pages\/3","targetHints":{"allow":["GET"]}}],"collection":[{"href":"https:\/\/www.notamspot.com\/en_us\/wp-json\/wp\/v2\/pages"}],"about":[{"href":"https:\/\/www.notamspot.com\/en_us\/wp-json\/wp\/v2\/types\/page"}],"author":[{"embeddable":true,"href":"https:\/\/www.notamspot.com\/en_us\/wp-json\/wp\/v2\/users\/1"}],"replies":[{"embeddable":true,"href":"https:\/\/www.notamspot.com\/en_us\/wp-json\/wp\/v2\/comments?post=3"}],"version-history":[{"count":16,"href":"https:\/\/www.notamspot.com\/en_us\/wp-json\/wp\/v2\/pages\/3\/revisions"}],"predecessor-version":[{"id":3544,"href":"https:\/\/www.notamspot.com\/en_us\/wp-json\/wp\/v2\/pages\/3\/revisions\/3544"}],"wp:featuredmedia":[{"embeddable":true,"href":"https:\/\/www.notamspot.com\/en_us\/wp-json\/wp\/v2\/media\/3696"}],"wp:attachment":[{"href":"https:\/\/www.notamspot.com\/en_us\/wp-json\/wp\/v2\/media?parent=3"}],"curies":[{"name":"wp","href":"https:\/\/api.w.org\/{rel}","templated":true}]}}